{"id":30,"date":"2023-04-19T11:38:04","date_gmt":"2023-04-19T09:38:04","guid":{"rendered":"https:\/\/www.gianlucaturilli.com\/wp\/?page_id=30"},"modified":"2023-04-19T12:39:05","modified_gmt":"2023-04-19T10:39:05","slug":"direzione-lavori","status":"publish","type":"page","link":"https:\/\/www.gianlucaturilli.com\/wp\/?page_id=30","title":{"rendered":"DIREZIONE LAVORI"},"content":{"rendered":"\n<p id=\"tw-target-text\">Cerchi un leader affidabile e professionale nel campo della direzione e gestione dei lavori? Non guardare oltre! Offriamo una gamma completa di servizi di direzione e gestione della costruzione, tra cui la gestione del progetto, la definizione del budget, la stima dei costi e la pianificazione. Ci sforziamo di assicurarci che tutti i progetti siano completati nei tempi e nel budget.bhjbjhbjhbjhb<br><br>I nostri professionisti esperti e certificati sono sempre a disposizione per fornire la guida e le competenze necessarie per garantire un risultato di successo. Garantiamo che tutti i progetti siano gestiti in conformit\u00e0 con le migliori pratiche e ai massimi livelli di sicurezza. Il nostro team \u00e8 dedicato a fornire il miglior servizio possibile, quindi puoi essere certo che il tuo progetto sar\u00e0 completato nei tempi previsti e nel rispetto del budget.<br><br>Comprendiamo che non esistono due progetti uguali, quindi adattiamo i nostri servizi per soddisfare le tue esigenze specifiche. Ci sforziamo di fornire soluzioni di risparmio sui costi, mantenendo i nostri clienti informati in ogni fase del processo. Il nostro obiettivo \u00e8 fornire servizi di direzione e gestione della costruzione di prim&#8217;ordine in modo che i vostri progetti si svolgano senza intoppi ed in modo efficiente.<br><br>Se stai cercando un partner di fiducia nel campo della direzione e gestione dei lavori, non cercare oltre. Contattaci oggi per saperne di pi\u00f9 sui nostri servizi e su come possiamo aiutarti a raggiungere i tuoi obiettivi di costruzione!<\/p>\n","protected":false},"excerpt":{"rendered":"<p>Cerchi un leader affidabile e professionale nel campo della direzione e gestione dei lavori? Non guardare oltre! Offriamo una gamma completa di servizi di direzione e gestione della costruzione, tra cui la gestione del progetto, la definizione del budget, la stima dei costi e la pianificazione. Ci sforziamo di assicurarci che tutti i progetti siano [&hellip;]<\/p>\n","protected":false},"author":1,"featured_media":0,"parent":0,"menu_order":0,"comment_status":"closed","ping_status":"closed","template":"full-width.php","meta":{"footnotes":""},"class_list":["post-30","page","type-page","status-publish","hentry"],"_links":{"self":[{"href":"https:\/\/www.gianlucaturilli.com\/wp\/index.php?rest_route=\/wp\/v2\/pages\/30","targetHints":{"allow":["GET"]}}],"collection":[{"href":"https:\/\/www.gianlucaturilli.com\/wp\/index.php?rest_route=\/wp\/v2\/pages"}],"about":[{"href":"https:\/\/www.gianlucaturilli.com\/wp\/index.php?rest_route=\/wp\/v2\/types\/page"}],"author":[{"embeddable":true,"href":"https:\/\/www.gianlucaturilli.com\/wp\/index.php?rest_route=\/wp\/v2\/users\/1"}],"replies":[{"embeddable":true,"href":"https:\/\/www.gianlucaturilli.com\/wp\/index.php?rest_route=%2Fwp%2Fv2%2Fcomments&post=30"}],"version-history":[{"count":4,"href":"https:\/\/www.gianlucaturilli.com\/wp\/index.php?rest_route=\/wp\/v2\/pages\/30\/revisions"}],"predecessor-version":[{"id":52,"href":"https:\/\/www.gianlucaturilli.com\/wp\/index.php?rest_route=\/wp\/v2\/pages\/30\/revisions\/52"}],"wp:attachment":[{"href":"https:\/\/www.gianlucaturilli.com\/wp\/index.php?rest_route=%2Fwp%2Fv2%2Fmedia&parent=30"}],"curies":[{"name":"wp","href":"https:\/\/api.w.org\/{rel}","templated":true}]}}